{"id":12,"date":"2022-03-21T09:08:00","date_gmt":"2022-03-21T08:08:00","guid":{"rendered":"https:\/\/katarina-gerlage.be\/CMS\/?page_id=12"},"modified":"2022-04-18T00:02:05","modified_gmt":"2022-04-17T22:02:05","slug":"le-club","status":"publish","type":"page","link":"https:\/\/katarina-gerlage.be\/CMS\/le-club\/","title":{"rendered":"Le club"},"content":{"rendered":"\n<p class=\"has-colibri-color-6-color has-text-color\">Le Volley Club Chaumont a f\u00eat\u00e9 ses 40 ans en 2021!<\/p>\n\n\n\n<p class=\"has-colibri-color-6-color has-text-color\">Cr\u00e9\u00e9 en 1981, le Club compte aujourd\u2019hui plus de 200 membres avec 11 \u00e9quipes dont quatre \u00e9voluant au niveau de la nationale ou de la promotion et 7 \u00e9quipes en provinciales. Chaque saison, le club pr\u00e9sente de nombreuses \u00e9quipes en jeunes\n                      en parall\u00e8le, de pupilles \u00e0 juniors qui se font chaque ann\u00e9e remarquer davantage.<\/p>\n\n\n\n<p class=\"has-colibri-color-6-color has-text-color\">Chaque \u00e9t\u00e9, notre tournoi de beach volley r\u00e9unit de plus en plus d\u2019\u00e9quipes senior et loisirs pour f\u00eater le retour de la saison. Plus de 500 joueurs et joueuses se retrouvent le 1er w-e d\u2019ao\u00fbt.<\/p>\n\n\n\n<p class=\"has-colibri-color-6-color has-text-color\">V\u00e9ritable \u00e9cole de formation pour les jeunes, la Spirout Chaumont a la chance de pouvoir s\u2019appuyer sur les meilleurs entra\u00eeneurs depuis de nombreuses ann\u00e9es, qui, chaque ann\u00e9e, attirent les espoirs jeunes de la r\u00e9gion. Fait exceptionnel,\n                      le club a une \u00e9quipe Dames dans chaque division de la P4 \u00e0 la Nationale 2.<\/p>\n\n\n\n<p class=\"has-colibri-color-6-color has-text-color\">2019 a \u00e9t\u00e9 un cru exceptionnel avec 5 \u00e9quipes qui connaissent la mont\u00e9e la m\u00eame ann\u00e9e, ce qui nous permet de b\u00e9n\u00e9ficier d\u2019une couverture m\u00e9dia de choix : presse locale, page facebook, Instagram et site web.<\/p>\n\n\n\n<p class=\"has-colibri-color-6-color has-text-color\">Pour poursuivre dans la voie entam\u00e9e encore longtemps, le club peut s\u2019appuyer sur :<\/p>\n\n\n\n<ul class=\"has-colibri-color-6-color has-text-color wp-block-list\"><li> &nbsp;Un encadrement de qualit\u00e9 aux jeunes de la r\u00e9gion<\/li><li> &nbsp;Une cellule de pr\u00e9paration physique et de pr\u00e9vention des blesses<\/li><li> &nbsp;Des \u00e9quipes seniors d\u00e9sireuses d\u2019aller le plus loin possible au sein du club<\/li><\/ul>\n\n\n\n<p class=\"has-colibri-color-6-color has-text-color\"><strong>Le mot du pr\u00e9sident<\/strong><\/p>\n\n\n\n<p class=\"has-colibri-color-6-color has-text-color\"><em>\u00ab Voil\u00e0 40 ans qu\u2019une poign\u00e9e de mordus ont cr\u00e9\u00e9 le club de volley-ball La Spirout. En 1981, le volley- ball ne demandait qu\u2019\u00e0 \u00eatre d\u00e9velopp\u00e9 dans ce coin du Brabant. 40 ans plus tard, le club s\u2019est consid\u00e9rablement agrandi, en encha\u00eenant les succ\u00e8s tant au niveau formations jeunes qu\u2019\u00e9quipes seniors.<\/em>                      <em>Le club de la Spirout est fier d\u2019avoir bas\u00e9 son d\u00e9veloppement sur les 4 valeurs fondamentales que sont :<\/em><\/p>\n\n\n\n<ul class=\"has-colibri-color-6-color has-text-color wp-block-list\"><li> <em>Un esprit de famille,<\/em><\/li><li>&nbsp;<em>Une volont\u00e9 de d\u00e9passement,<\/em><\/li><li>&nbsp;<em>Une qualit\u00e9 d\u2019encadrement,<\/em><\/li><li><em>Une attention pour chacun.e quel que soit son niveau en volley<\/em>.<\/li><\/ul>\n\n\n\n<p class=\"has-colibri-color-6-color has-text-color\"> <em>Les r\u00e9sultats des derni\u00e8res ann\u00e9es sont le t\u00e9moin de la qualit\u00e9 de formation et de l\u2019investissement de ses membres. Demain, nous souhaitons offrir \u00e0 nos \u00e9quipes des infrastructures de qualit\u00e9 et un encadrement sportif qui fait grandir les joueurs\/joueuses en s\u2019amusant et qui leur permet de r\u00e9aliser leurs r\u00eaves ! \u00bb<\/em><\/p>\n\n\n\n<p class=\"has-colibri-color-6-color has-text-color\"><strong><em>Comit\u00e9<\/em><\/strong>&nbsp;<\/p>\n\n\n\n<p class=\"has-colibri-color-6-color has-text-color\">Pr\u00e9sident : VANDER VORST, Pierre&nbsp; <a href=\"mailto:president@volley-chaumont.be\" target=\"_blank\" rel=\"noreferrer noopener\">president@volley-chaumont.be<\/a>&nbsp;<\/p>\n\n\n\n<p class=\"has-colibri-color-6-color has-text-color\">Secr\u00e9taire : SCHMITT, Fr\u00e9d\u00e9ric <a href=\"mailto:secretaire@volley-chaumont.be\" target=\"_blank\" rel=\"noreferrer noopener\">secretaire@volley-chaumont.be<\/a>&nbsp;<\/p>\n\n\n\n<p class=\"has-colibri-color-6-color has-text-color\">Tr\u00e9sorier : Luypaert, Michel&nbsp; <a href=\"mailto:tresorier@volley-chaumont.be\" target=\"_blank\" rel=\"noreferrer noopener\">tresorier@volley-chaumont.be<\/a>&nbsp;<\/p>\n\n\n\n<p class=\"has-colibri-color-6-color has-text-color\">Secr\u00e9taire des jeunes : Martin, Fabienne <a href=\"mailto:responsable.jeunes@volley-chaumont.be\" target=\"_blank\" rel=\"noreferrer noopener\">responsable.jeunes@volley-chaumont.be<\/a>&nbsp;<\/p>\n\n\n\n<p class=\"has-colibri-color-6-color has-text-color\">Directeur technique : Marcelis, Arnaud <a href=\"mailto:arnaud.marcelis@volley-chaumont.be\" target=\"_blank\" rel=\"noreferrer noopener\">arnaud.marcelis@volley-chaumont.be<\/a>&nbsp;<\/p>\n\n\n\n<p class=\"has-colibri-color-6-color has-text-color\"><strong><em>Les entraineurs<\/em><\/strong>&nbsp;<\/p>\n\n\n\n<p class=\"has-colibri-color-6-color has-text-color\">Marie Moons&nbsp;<\/p>\n\n\n\n<p class=\"has-colibri-color-6-color has-text-color\">Charlotte Van Nuffel&nbsp;<\/p>\n\n\n\n<p class=\"has-colibri-color-6-color has-text-color\">Lucille Lambert&nbsp;&nbsp;<\/p>\n\n\n\n<p class=\"has-colibri-color-6-color has-text-color\">Alicia Collignon&nbsp;<\/p>\n\n\n\n<p class=\"has-colibri-color-6-color has-text-color\">Serge Kerres&nbsp;<\/p>\n\n\n\n<p class=\"has-colibri-color-6-color has-text-color\">Eric Leclef&nbsp;<\/p>\n\n\n\n<p class=\"has-colibri-color-6-color has-text-color\">Jonathan Lecouturier&nbsp;<\/p>\n\n\n\n<p class=\"has-colibri-color-6-color has-text-color\">Stephan Crabbe&nbsp;<\/p>\n\n\n\n<p class=\"has-colibri-color-6-color has-text-color\">Fr\u00e9d\u00e9ric Feron\u00a0<\/p>\n\n\n\n<p class=\"has-colibri-color-6-color has-text-color\">S\u00e9bastien Humblet&nbsp;<\/p>\n\n\n\n<p class=\"has-colibri-color-6-color has-text-color\">Joaquim Delie&nbsp;<\/p>\n\n\n\n<p class=\"has-colibri-color-6-color has-text-color\"><strong><em>Pr\u00e9parateur physique<\/em><\/strong>&nbsp;<\/p>\n\n\n\n<p class=\"has-colibri-color-6-color has-text-color\">Jeremy Mandelaire\u00a0<\/p>\n\n\n\n<p class=\"has-colibri-color-6-color has-text-color\"><strong>Les salles :\u00a0<\/strong><\/p>\n\n\n\n<p class=\"has-colibri-color-6-color has-text-color\">Le centre sportif A.Docquier, avenue du Ronvau 8 1325 Chaumont-Gistoux.\u00a0 (salle principale)<\/p>\n\n\n\n<p class=\"has-colibri-color-6-color has-text-color\">L\u2019\u00e9cole de Corroy-Le-Grand, Rue de Chastre 83, 1325 Chaumont-Gistoux&nbsp;<\/p>\n\n\n\n<p class=\"has-colibri-color-6-color has-text-color\">Le Coll\u00e8ge du Christ Roi, Rue de Renivaux 25, 1340 Ottignies-Louvain-la-Neuve&nbsp;<\/p>\n\n\n\n<p class=\"has-colibri-color-6-color has-text-color\">La salle de sport des Hayeffes, Rue des Hayeffes 31, 1435 Mont-Saint-Guibert\u00a0<\/p>\n\n\n\n<p><\/p>\n<p><\/p>\n<p><\/p>\n<p><\/p>\n<p><\/p>\n<p><\/p>\n<p><\/p>\n<div data-colibri-component=\"section\" data-colibri-id=\"12-c6\" id=\"custom\" class=\"h-section h-section-global-spacing d-flex align-items-lg-center align-items-md-center align-items-center style-369 style-local-12-c6 position-relative\">\n    <!----><br>\n    <!----><p><\/p>\n<div class=\"h-section-grid-container h-section-boxed-container\">\n      <!----><p><\/p>\n<div data-colibri-id=\"12-c7\" class=\"h-row-container gutters-row-lg-2 gutters-row-md-2 gutters-row-0 gutters-row-v-lg-2 gutters-row-v-md-2 gutters-row-v-2 style-370 style-local-12-c7 position-relative\">\n        <!----><p><\/p>\n<div class=\"h-row justify-content-lg-center justify-content-md-center justify-content-center align-items-lg-stretch align-items-md-stretch align-items-stretch gutters-col-lg-2 gutters-col-md-2 gutters-col-0 gutters-col-v-lg-2 gutters-col-v-md-2 gutters-col-v-2\">\n          <!----><p><\/p>\n<div class=\"h-column h-column-container d-flex h-col-lg-auto h-col-md-auto h-col-auto style-371-outer style-local-12-c8-outer\">\n<div data-colibri-id=\"12-c8\" class=\"d-flex h-flex-basis h-column__inner h-px-lg-2 h-px-md-2 h-px-2 v-inner-lg-2 v-inner-md-2 v-inner-2 style-371 style-local-12-c8 position-relative\">\n              <!----><br>\n              <!----><p><\/p>\n<div class=\"w-100 h-y-container h-column__content h-column__v-align flex-basis-100 align-self-lg-start align-self-md-start align-self-start\">\n                <!----><p><\/p>\n<div data-colibri-id=\"12-c9\" class=\"h-x-container style-372 style-local-12-c9 position-relative h-element\">\n                  <!----><p><\/p>\n<div class=\"h-x-container-inner style-dynamic-12-c9-group style-372-spacing style-local-12-c9-spacing\"><span class=\"h-link__outer style-373-outer style-local-12-c10-outer d-inline-flex h-element\"><a h-use-smooth-scroll=\"true\" href=\"https:\/\/katarina-gerlage.be\/CMS\/2022\/04\/10\/presse\/\" data-colibri-id=\"12-c10\" class=\"d-flex w-100 align-items-center h-link style-373 style-local-12-c10 position-relative\"><!----><!----> <span>Voir les articles de presse<\/span><\/a><br>\n                    <\/span>\n                  <\/div>\n<p><\/p><\/div>\n<p><\/p><\/div>\n<p><\/p><\/div>\n<p><\/p><\/div>\n<p><\/p><\/div>\n<p><\/p><\/div>\n<p><\/p><\/div>\n<p><\/p><\/div>\n","protected":false},"excerpt":{"rendered":"<p>Le Volley Club Chaumont a f\u00eat\u00e9 ses 40 ans en 2021! Cr\u00e9\u00e9 en 1981, le Club compte aujourd\u2019hui plus de 200 membres avec 11 \u00e9quipes dont quatre \u00e9voluant au niveau de la nationale ou de la promotion et 7 \u00e9quipes en provinciales. Chaque saison, le club pr\u00e9sente de nombreuses \u00e9quipes en jeunes en parall\u00e8le, de [&hellip;]<\/p>\n","protected":false},"author":1,"featured_media":0,"parent":0,"menu_order":1,"comment_status":"closed","ping_status":"closed","template":"page-templates\/full-width-page.php","meta":{"footnotes":""},"class_list":["post-12","page","type-page","status-publish","hentry"],"_links":{"self":[{"href":"https:\/\/katarina-gerlage.be\/CMS\/wp-json\/wp\/v2\/pages\/12","targetHints":{"allow":["GET"]}}],"collection":[{"href":"https:\/\/katarina-gerlage.be\/CMS\/wp-json\/wp\/v2\/pages"}],"about":[{"href":"https:\/\/katarina-gerlage.be\/CMS\/wp-json\/wp\/v2\/types\/page"}],"author":[{"embeddable":true,"href":"https:\/\/katarina-gerlage.be\/CMS\/wp-json\/wp\/v2\/users\/1"}],"replies":[{"embeddable":true,"href":"https:\/\/katarina-gerlage.be\/CMS\/wp-json\/wp\/v2\/comments?post=12"}],"version-history":[{"count":19,"href":"https:\/\/katarina-gerlage.be\/CMS\/wp-json\/wp\/v2\/pages\/12\/revisions"}],"predecessor-version":[{"id":696,"href":"https:\/\/katarina-gerlage.be\/CMS\/wp-json\/wp\/v2\/pages\/12\/revisions\/696"}],"wp:attachment":[{"href":"https:\/\/katarina-gerlage.be\/CMS\/wp-json\/wp\/v2\/media?parent=12"}],"curies":[{"name":"wp","href":"https:\/\/api.w.org\/{rel}","templated":true}]}}